{"id":428,"date":"2019-04-01T14:43:39","date_gmt":"2019-04-01T14:43:39","guid":{"rendered":"http:\/\/thrive-training.local\/?page_id=428"},"modified":"2021-06-30T11:06:49","modified_gmt":"2021-06-30T11:06:49","slug":"about-thrive","status":"publish","type":"page","link":"https:\/\/www.thriveresearch.eu\/it\/about-thrive\/","title":{"rendered":"Informazioni su Thrive"},"content":{"rendered":"<div data-elementor-type=\"wp-post\" data-elementor-id=\"428\" class=\"elementor elementor-428\" data-elementor-settings=\"[]\">\n\t\t\t\t\t\t<div class=\"elementor-inner\">\n\t\t\t\t\t\t\t<div class=\"elementor-section-wrap\">\n\t\t\t\t\t\t\t<section class=\"elementor-section elementor-top-section elementor-element elementor-element-204db880 elementor-section-content-bottom elementor-section-boxed elementor-section-height-default elementor-section-height-default\" data-id=\"204db880\" data-element_type=\"section\" data-settings=\"{&quot;background_background&quot;:&quot;classic&quot;}\">\n\t\t\t\t\t\t<div class=\"elementor-container elementor-column-gap-default\">\n\t\t\t\t\t\t\t<div class=\"elementor-row\">\n\t\t\t\t\t<div class=\"elementor-column elementor-col-50 elementor-top-column elementor-element elementor-element-6ef5dbb6\" data-id=\"6ef5dbb6\" data-element_type=\"column\" data-settings=\"{&quot;background_background&quot;:&quot;gradient&quot;}\">\n\t\t\t<div class=\"elementor-column-wrap elementor-element-populated\">\n\t\t\t\t\t\t\t<div class=\"elementor-widget-wrap\">\n\t\t\t\t\t\t<div class=\"elementor-element elementor-element-26e80710 elementor-widget elementor-widget-heading\" data-id=\"26e80710\" data-element_type=\"widget\" data-widget_type=\"heading.default\">\n\t\t\t\t<div class=\"elementor-widget-container\">\n\t\t\t<h1 class=\"elementor-heading-title elementor-size-large\">Informazioni su Thrive<\/h1>\t\t<\/div>\n\t\t\t\t<\/div>\n\t\t\t\t<div class=\"elementor-element elementor-element-1306d060 elementor-widget elementor-widget-text-editor\" data-id=\"1306d060\" data-element_type=\"widget\" data-widget_type=\"text-editor.default\">\n\t\t\t\t<div class=\"elementor-widget-container\">\n\t\t\t\t\t\t\t\t<div class=\"elementor-text-editor elementor-clearfix\">\n\t\t\t\t\t<p style=\"color: #ffffff; font-family: Times; font-size: medium; font-style: normal; font-weight: 400;\"><span style=\"font-size: 18px; background-color: transparent;\">THRIVE is cofunded by the Erasmus+ programme of the European Union and is being conducted by a multidisciplinary team of researchers from several institutions across Europe. The Institute of Child Education and Psychology\u00a0<\/span><span style=\"font-size: 18px; font-style: normal; font-weight: 400; background-color: transparent;\">Europe<\/span><span style=\"background-color: transparent; font-size: 18px;\">\u00a0(<a style=\"color: #fff; text-decoration: underline;\" href=\"https:\/\/icepe.eu\/\">ICEP Europe<\/a>), who are based in Ireland, are leading this project in collaboration with Kildare Wicklow Education and Training Board (Ireland), Verein Multikulturell (Austria), University of Malta (Malta), CESIE (Italy) and AESD (Romania). This innovative partnership brings together educators, teachers, researchers, and clinical, educational and occupational psychologists.<\/span><\/p>\n<p style=\"color: #ffffff; font-family: Times; font-size: medium; font-style: normal; font-weight: 400;\"><span style=\"font-size: 18px; background-color: transparent;\">Il programma THRIVE si baser\u00e0 sulla ricerca nel campo delle neuroscienze, sull'educazione sensibile ai traumi, sulla psicologia positiva e sulle migliori pratiche attuali in contesti educativi di seconda opportunit\u00e0 per comprendere i bisogni e le priorit\u00e0 degli educatori e dei discenti in questo settore, e per sviluppare un programma di formazione informato sui traumi per gli educatori che lavorano con i giovani che hanno abbandonato la scuola.<\/span><\/p>\n<p style=\"color: #ffffff; font-family: Times; font-size: medium; font-style: normal; font-weight: 400;\"><span style=\"font-size: 18px; background-color: transparent;\">THRIVE \u00e8 stato lanciato nel 2018 e si svolger\u00e0 nell'arco di due anni.<\/span><\/p>\t\t\t\t\t<\/div>\n\t\t\t\t\t\t<\/div>\n\t\t\t\t<\/div>\n\t\t\t\t\t\t<\/div>\n\t\t\t\t\t<\/div>\n\t\t<\/div>\n\t\t\t\t<div class=\"elementor-column elementor-col-50 elementor-top-column elementor-element elementor-element-295c5f06\" data-id=\"295c5f06\" data-element_type=\"column\">\n\t\t\t<div class=\"elementor-column-wrap\">\n\t\t\t\t\t\t\t<div class=\"elementor-widget-wrap\">\n\t\t\t\t\t\t\t\t<\/div>\n\t\t\t\t\t<\/div>\n\t\t<\/div>\n\t\t\t\t\t\t\t\t<\/div>\n\t\t\t\t\t<\/div>\n\t\t<\/section>\n\t\t\t\t<section class=\"elementor-section elementor-top-section elementor-element elementor-element-cb44fee elementor-section-boxed elementor-section-height-default elementor-section-height-default\" data-id=\"cb44fee\" data-element_type=\"section\">\n\t\t\t\t\t\t<div class=\"elementor-container elementor-column-gap-default\">\n\t\t\t\t\t\t\t<div class=\"elementor-row\">\n\t\t\t\t\t<div class=\"elementor-column elementor-col-100 elementor-top-column elementor-element elementor-element-afcbb67\" data-id=\"afcbb67\" data-element_type=\"column\">\n\t\t\t<div class=\"elementor-column-wrap elementor-element-populated\">\n\t\t\t\t\t\t\t<div class=\"elementor-widget-wrap\">\n\t\t\t\t\t\t<div class=\"elementor-element elementor-element-cde03f5 elementor-widget-divider--view-line elementor-widget elementor-widget-divider\" data-id=\"cde03f5\" data-element_type=\"widget\" data-widget_type=\"divider.default\">\n\t\t\t\t<div class=\"elementor-widget-container\">\n\t\t\t\t\t<div class=\"elementor-divider\">\n\t\t\t<span class=\"elementor-divider-separator\">\n\t\t\t\t\t\t<\/span>\n\t\t<\/div>\n\t\t\t\t<\/div>\n\t\t\t\t<\/div>\n\t\t\t\t\t\t<\/div>\n\t\t\t\t\t<\/div>\n\t\t<\/div>\n\t\t\t\t\t\t\t\t<\/div>\n\t\t\t\t\t<\/div>\n\t\t<\/section>\n\t\t\t\t<section class=\"elementor-section elementor-top-section elementor-element elementor-element-784ec297 elementor-section-content-middle elementor-section-boxed elementor-section-height-default elementor-section-height-default\" data-id=\"784ec297\" data-element_type=\"section\" data-settings=\"{&quot;background_background&quot;:&quot;classic&quot;}\">\n\t\t\t\t\t\t\t<div class=\"elementor-background-overlay\"><\/div>\n\t\t\t\t\t\t\t<div class=\"elementor-container elementor-column-gap-no\">\n\t\t\t\t\t\t\t<div class=\"elementor-row\">\n\t\t\t\t\t<div class=\"elementor-column elementor-col-33 elementor-top-column elementor-element elementor-element-31db14eb\" data-id=\"31db14eb\" data-element_type=\"column\">\n\t\t\t<div class=\"elementor-column-wrap elementor-element-populated\">\n\t\t\t\t\t\t\t<div class=\"elementor-widget-wrap\">\n\t\t\t\t\t\t\t\t<\/div>\n\t\t\t\t\t<\/div>\n\t\t<\/div>\n\t\t\t\t<div class=\"elementor-column elementor-col-66 elementor-top-column elementor-element elementor-element-c0890ea\" data-id=\"c0890ea\" data-element_type=\"column\" data-settings=\"{&quot;background_background&quot;:&quot;gradient&quot;}\">\n\t\t\t<div class=\"elementor-column-wrap elementor-element-populated\">\n\t\t\t\t\t\t\t<div class=\"elementor-widget-wrap\">\n\t\t\t\t\t\t<div class=\"elementor-element elementor-element-986e9df elementor-widget elementor-widget-heading\" data-id=\"986e9df\" data-element_type=\"widget\" data-widget_type=\"heading.default\">\n\t\t\t\t<div class=\"elementor-widget-container\">\n\t\t\t<h3 class=\"elementor-heading-title elementor-size-large\">Il background di THRIVE<\/h3>\t\t<\/div>\n\t\t\t\t<\/div>\n\t\t\t\t<div class=\"elementor-element elementor-element-6b159c6 elementor-widget elementor-widget-text-editor\" data-id=\"6b159c6\" data-element_type=\"widget\" data-widget_type=\"text-editor.default\">\n\t\t\t\t<div class=\"elementor-widget-container\">\n\t\t\t\t\t\t\t\t<div class=\"elementor-text-editor elementor-clearfix\">\n\t\t\t\t\t<p>L'istruzione della seconda opportunit\u00e0 offre un'opportunit\u00e0 cruciale per chi abbandona la scuola precocemente per rimettersi in carreggiata, rafforzare le competenze ed evitare risultati negativi a lungo termine. Tuttavia, la ricerca ha dimostrato che la stragrande maggioranza di coloro che lasciano gli ambienti educativi tradizionali ha vissuto eventi traumatici o negativi (NEPS, 2017). Esperienze infantili avverse o ACE possono includere l'esposizione a separazioni familiari, abusi o circostanze svantaggiate.\u00a0<\/p><p>Gli ACE hanno conseguenze significative per gli studenti e le loro esperienze scolastiche e possono anche rappresentare una sfida per gli educatori. Tuttavia, l'individuazione precoce e la prevenzione degli ACE, cos\u00ec come i servizi focalizzati sull'intervento in contesti educativi di seconda opportunit\u00e0, hanno il potenziale di ridurre l'impatto negativo e di interrompere la trasmissione intergenerazionale dei traumi e delle avversit\u00e0.<\/p><p>La consapevolezza degli ACE e un approccio all'educazione informato sui traumi pu\u00f2 aiutare gli educatori a sviluppare una comprensione approfondita dell'impatto post-traumatico degli ACE e a migliorare i risultati per i giovani che li hanno sperimentati. La pratica traumatizzata riconosce anche l'impatto dei traumi secondari sui lavoratori e promuove lo sviluppo di reti di supporto e di ambienti organizzativi all'interno dei sistemi di servizio. \u00c8 stato dimostrato che i professionisti all'interno dei sistemi di servizi per l'infanzia, la famiglia e la comunit\u00e0, in particolare quelli che lavorano con le persone vulnerabili\u00a0<span style=\"font-size: 18px; font-style: normal; font-weight: 100; background-color: transparent;\">Le popolazioni, sono a maggior rischio di subire stress traumatico secondario e burnout (Salloum, Choib & Smith-Stover, 2018).<\/span><\/p><p>\u00a0<\/p>\t\t\t\t\t<\/div>\n\t\t\t\t\t\t<\/div>\n\t\t\t\t<\/div>\n\t\t\t\t\t\t<\/div>\n\t\t\t\t\t<\/div>\n\t\t<\/div>\n\t\t\t\t\t\t\t\t<\/div>\n\t\t\t\t\t<\/div>\n\t\t<\/section>\n\t\t\t\t<section class=\"elementor-section elementor-top-section elementor-element elementor-element-522b406f elementor-section-height-min-height elementor-section-content-middle elementor-section-boxed elementor-section-height-default elementor-section-items-middle\" data-id=\"522b406f\" data-element_type=\"section\" data-settings=\"{&quot;background_background&quot;:&quot;classic&quot;}\">\n\t\t\t\t\t\t\t<div class=\"elementor-background-overlay\"><\/div>\n\t\t\t\t\t\t\t<div class=\"elementor-container elementor-column-gap-narrow\">\n\t\t\t\t\t\t\t<div class=\"elementor-row\">\n\t\t\t\t\t<div class=\"elementor-column elementor-col-33 elementor-top-column elementor-element elementor-element-78cc594\" data-id=\"78cc594\" data-element_type=\"column\">\n\t\t\t<div class=\"elementor-column-wrap elementor-element-populated\">\n\t\t\t\t\t\t\t<div class=\"elementor-widget-wrap\">\n\t\t\t\t\t\t<div class=\"elementor-element elementor-element-debb825 elementor-widget elementor-widget-heading\" data-id=\"debb825\" data-element_type=\"widget\" data-widget_type=\"heading.default\">\n\t\t\t\t<div class=\"elementor-widget-container\">\n\t\t\t<h3 class=\"elementor-heading-title elementor-size-large\">Cosa faremo?<\/h3>\t\t<\/div>\n\t\t\t\t<\/div>\n\t\t\t\t<div class=\"elementor-element elementor-element-b6efaa2 elementor-widget-divider--view-line elementor-widget elementor-widget-divider\" data-id=\"b6efaa2\" data-element_type=\"widget\" data-widget_type=\"divider.default\">\n\t\t\t\t<div class=\"elementor-widget-container\">\n\t\t\t\t\t<div class=\"elementor-divider\">\n\t\t\t<span class=\"elementor-divider-separator\">\n\t\t\t\t\t\t<\/span>\n\t\t<\/div>\n\t\t\t\t<\/div>\n\t\t\t\t<\/div>\n\t\t\t\t\t\t<\/div>\n\t\t\t\t\t<\/div>\n\t\t<\/div>\n\t\t\t\t<div class=\"elementor-column elementor-col-33 elementor-top-column elementor-element elementor-element-26ed4cc1\" data-id=\"26ed4cc1\" data-element_type=\"column\">\n\t\t\t<div class=\"elementor-column-wrap elementor-element-populated\">\n\t\t\t\t\t\t\t<div class=\"elementor-widget-wrap\">\n\t\t\t\t\t\t<div class=\"elementor-element elementor-element-55a0bdec elementor-view-stacked elementor-shape-circle elementor-widget elementor-widget-icon\" data-id=\"55a0bdec\" data-element_type=\"widget\" data-widget_type=\"icon.default\">\n\t\t\t\t<div class=\"elementor-widget-container\">\n\t\t\t\t\t<div class=\"elementor-icon-wrapper\">\n\t\t\t<div class=\"elementor-icon\">\n\t\t\t\t\t\t\t<i class=\"fa fa-heart\" aria-hidden=\"true\"><\/i>\n\t\t\t\t\t\t<\/div>\n\t\t<\/div>\n\t\t\t\t<\/div>\n\t\t\t\t<\/div>\n\t\t\t\t\t\t<\/div>\n\t\t\t\t\t<\/div>\n\t\t<\/div>\n\t\t\t\t<div class=\"elementor-column elementor-col-33 elementor-top-column elementor-element elementor-element-5068c03\" data-id=\"5068c03\" data-element_type=\"column\">\n\t\t\t<div class=\"elementor-column-wrap elementor-element-populated\">\n\t\t\t\t\t\t\t<div class=\"elementor-widget-wrap\">\n\t\t\t\t\t\t<div class=\"elementor-element elementor-element-89cba45 elementor-widget elementor-widget-text-editor\" data-id=\"89cba45\" data-element_type=\"widget\" data-widget_type=\"text-editor.default\">\n\t\t\t\t<div class=\"elementor-widget-container\">\n\t\t\t\t\t\t\t\t<div class=\"elementor-text-editor elementor-clearfix\">\n\t\t\t\t\t<p><em><span style=\"text-decoration: underline;\">Capire cosa funziona<\/span><\/em><\/p><p style=\"padding-left: 40px;\">* Sviluppare una revisione consolidata della letteratura per costruire una comprensione delle attuali disposizioni in materia di traumatologia in contesti educativi di seconda opportunit\u00e0 nei paesi partner.<\/p><p style=\"padding-left: 40px;\">* Condurre un lavoro sul campo con gli educatori che lavorano con i giovani che hanno abbandonato la scuola, esplorando le loro percezioni e la loro comprensione del lavoro con i giovani che hanno abbandonato la scuola e che potrebbero aver subito un trauma.<\/p><p><em><span style=\"text-decoration: underline;\">Sviluppare una formazione informata sui traumi per gli educatori nell'educazione della seconda opportunit\u00e0<\/span><\/em><\/p><p style=\"padding-left: 40px;\">* Usando i risultati del lavoro sul campo, insieme alla ricerca nel campo delle neuroscienze, la psicologia positiva e l'educazione sensibile ai traumi saranno utilizzati per informare lo sviluppo di un pacchetto formativo innovativo per gli educatori della seconda opportunit\u00e0 che rafforzer\u00e0 la capacit\u00e0 di educazione sensibile ai traumi in contesti educativi della seconda opportunit\u00e0 e migliorer\u00e0 i risultati per i giovani che abbandonano prematuramente la scuola.<\/p>\t\t\t\t\t<\/div>\n\t\t\t\t\t\t<\/div>\n\t\t\t\t<\/div>\n\t\t\t\t\t\t<\/div>\n\t\t\t\t\t<\/div>\n\t\t<\/div>\n\t\t\t\t\t\t\t\t<\/div>\n\t\t\t\t\t<\/div>\n\t\t<\/section>\n\t\t\t\t<section class=\"elementor-section elementor-top-section elementor-element elementor-element-a64d5db elementor-section-boxed elementor-section-height-default elementor-section-height-default\" data-id=\"a64d5db\" data-element_type=\"section\">\n\t\t\t\t\t\t<div class=\"elementor-container elementor-column-gap-default\">\n\t\t\t\t\t\t\t<div class=\"elementor-row\">\n\t\t\t\t\t<div class=\"elementor-column elementor-col-100 elementor-top-column elementor-element elementor-element-6dcd592\" data-id=\"6dcd592\" data-element_type=\"column\">\n\t\t\t<div class=\"elementor-column-wrap elementor-element-populated\">\n\t\t\t\t\t\t\t<div class=\"elementor-widget-wrap\">\n\t\t\t\t\t\t<div class=\"elementor-element elementor-element-0d13bb8 elementor-widget elementor-widget-heading\" data-id=\"0d13bb8\" data-element_type=\"widget\" data-widget_type=\"heading.default\">\n\t\t\t\t<div class=\"elementor-widget-container\">\n\t\t\t<h2 class=\"elementor-heading-title elementor-size-default\"><h2 data-elementor-setting-key=\"title\" data-pen-placeholder=\"Type Here...\" style=\"font-style: normal; white-space: normal;\"><div style=\"box-sizing: inherit; font-size: 16px; font-style: normal; font-weight: 400; padding-left: 40px; font-family: &quot;Noto Sans&quot;, sans-serif; text-align: center;\"><img loading=\"lazy\" src=\"https:\/\/thrive-training.local\/wp-content\/uploads\/2019\/03\/Erasmus-300x86.png\" alt=\"\" width=\"300\" height=\"86\" srcset=\"https:\/\/www.thriveresearch.eu\/wp-content\/uploads\/2019\/03\/xErasmus-300x86.png.pagespeed.ic.f90LQm32EO.webp 300w, https:\/\/www.thriveresearch.eu\/wp-content\/uploads\/2019\/03\/xErasmus-768x219.png.pagespeed.ic.CFoWp8H5dG.webp 768w, https:\/\/www.thriveresearch.eu\/wp-content\/uploads\/2019\/03\/xErasmus.png.pagespeed.ic.QEoOx1NInL.webp 943w\" sizes=\"(max-width: 300px) 100vw, 300px\" data-pagespeed-url-hash=\"3365524397\"><img loading=\"lazy\" src=\"https:\/\/thrive-training.local\/wp-content\/uploads\/2019\/03\/eu_funded-300x86.jpg\" alt=\"\" width=\"300\" height=\"86\" srcset=\"https:\/\/www.thriveresearch.eu\/wp-content\/uploads\/2019\/03\/xxeu_funded-300x86.jpg,Mic.9T_oYDpJMC.webp.pagespeed.ic.TKTC7IT4oZ.webp 300w, https:\/\/www.thriveresearch.eu\/wp-content\/uploads\/2019\/03\/xxeu_funded-768x219.jpg,Mic.bj4G2NcprH.webp.pagespeed.ic.fXocxw-0Zw.webp 768w, https:\/\/www.thriveresearch.eu\/wp-content\/uploads\/2019\/03\/xxeu_funded-1024x292.jpg,Mic.xn0i4h5bvS.webp.pagespeed.ic.H8e5qVV9C9.webp 1024w, https:\/\/www.thriveresearch.eu\/wp-content\/uploads\/2019\/03\/xxeu_funded.jpg,Mic.mXo4Cy4tg9.webp.pagespeed.ic.ZRMrFoUlgq.webp 1964w\" sizes=\"(max-width: 300px) 100vw, 300px\" data-pagespeed-url-hash=\"4070835106\" style=\"font-style: inherit; font-weight: inherit;\"><\/div><br><\/h2><span style=\"font-size: 16px; font-style: normal; font-weight: 400; font-family: &quot;Noto Sans&quot;, sans-serif; white-space: normal; text-align: center;\">Questo progetto \u00e8 stato finanziato con il sostegno della Commissione Europea nell'ambito del programma Erasmus+. L'autore \u00e8 il solo responsabile di questa pubblicazione e la Commissione declina ogni responsabilit\u00e0 sull'uso che potr\u00e0 essere fatto delle informazioni in essa contenute.<\/span><\/h2>\t\t<\/div>\n\t\t\t\t<\/div>\n\t\t\t\t\t\t<\/div>\n\t\t\t\t\t<\/div>\n\t\t<\/div>\n\t\t\t\t\t\t\t\t<\/div>\n\t\t\t\t\t<\/div>\n\t\t<\/section>\n\t\t\t\t\t\t<\/div>\n\t\t\t\t\t\t<\/div>\n\t\t\t\t\t<\/div>","protected":false},"excerpt":{"rendered":"<p>About Thrive THRIVE is cofunded by the Erasmus+ programme of the European Union and is being conducted by a multidisciplinary team of researchers from several institutions across Europe. The Institute of Child Education and Psychology\u00a0Europe\u00a0(ICEP Europe), who are based in Ireland, are leading this project in collaboration with Kildare Wicklow Education and Training Board (Ireland), &hellip;<\/p>\n<p class=\"read-more\"> <a class=\"\" href=\"https:\/\/www.thriveresearch.eu\/it\/about-thrive\/\"> <span class=\"screen-reader-text\">Informazioni su Thrive<\/span> Leggi altro &raquo;<\/a><\/p>","protected":false},"author":1,"featured_media":0,"parent":0,"menu_order":0,"comment_status":"closed","ping_status":"closed","template":"","meta":[],"_links":{"self":[{"href":"https:\/\/www.thriveresearch.eu\/it\/wp-json\/wp\/v2\/pages\/428"}],"collection":[{"href":"https:\/\/www.thriveresearch.eu\/it\/wp-json\/wp\/v2\/pages"}],"about":[{"href":"https:\/\/www.thriveresearch.eu\/it\/wp-json\/wp\/v2\/types\/page"}],"author":[{"embeddable":true,"href":"https:\/\/www.thriveresearch.eu\/it\/wp-json\/wp\/v2\/users\/1"}],"replies":[{"embeddable":true,"href":"https:\/\/www.thriveresearch.eu\/it\/wp-json\/wp\/v2\/comments?post=428"}],"version-history":[{"count":36,"href":"https:\/\/www.thriveresearch.eu\/it\/wp-json\/wp\/v2\/pages\/428\/revisions"}],"predecessor-version":[{"id":751,"href":"https:\/\/www.thriveresearch.eu\/it\/wp-json\/wp\/v2\/pages\/428\/revisions\/751"}],"wp:attachment":[{"href":"https:\/\/www.thriveresearch.eu\/it\/wp-json\/wp\/v2\/media?parent=428"}],"curies":[{"name":"wp","href":"https:\/\/api.w.org\/{rel}","templated":true}]}}