{"id":428,"date":"2019-04-01T14:43:39","date_gmt":"2019-04-01T14:43:39","guid":{"rendered":"http:\/\/thrive-training.local\/?page_id=428"},"modified":"2021-06-30T11:06:49","modified_gmt":"2021-06-30T11:06:49","slug":"about-thrive","status":"publish","type":"page","link":"https:\/\/www.thriveresearch.eu\/de\/about-thrive\/","title":{"rendered":"\u00dcber Thrive"},"content":{"rendered":"<div data-elementor-type=\"wp-post\" data-elementor-id=\"428\" class=\"elementor elementor-428\" data-elementor-settings=\"[]\">\n\t\t\t\t\t\t<div class=\"elementor-inner\">\n\t\t\t\t\t\t\t<div class=\"elementor-section-wrap\">\n\t\t\t\t\t\t\t<section class=\"elementor-section elementor-top-section elementor-element elementor-element-204db880 elementor-section-content-bottom elementor-section-boxed elementor-section-height-default elementor-section-height-default\" data-id=\"204db880\" data-element_type=\"section\" data-settings=\"{&quot;background_background&quot;:&quot;classic&quot;}\">\n\t\t\t\t\t\t<div class=\"elementor-container elementor-column-gap-default\">\n\t\t\t\t\t\t\t<div class=\"elementor-row\">\n\t\t\t\t\t<div class=\"elementor-column elementor-col-50 elementor-top-column elementor-element elementor-element-6ef5dbb6\" data-id=\"6ef5dbb6\" data-element_type=\"column\" data-settings=\"{&quot;background_background&quot;:&quot;gradient&quot;}\">\n\t\t\t<div class=\"elementor-column-wrap elementor-element-populated\">\n\t\t\t\t\t\t\t<div class=\"elementor-widget-wrap\">\n\t\t\t\t\t\t<div class=\"elementor-element elementor-element-26e80710 elementor-widget elementor-widget-heading\" data-id=\"26e80710\" data-element_type=\"widget\" data-widget_type=\"heading.default\">\n\t\t\t\t<div class=\"elementor-widget-container\">\n\t\t\t<h1 class=\"elementor-heading-title elementor-size-large\">\u00dcber Thrive<\/h1>\t\t<\/div>\n\t\t\t\t<\/div>\n\t\t\t\t<div class=\"elementor-element elementor-element-1306d060 elementor-widget elementor-widget-text-editor\" data-id=\"1306d060\" data-element_type=\"widget\" data-widget_type=\"text-editor.default\">\n\t\t\t\t<div class=\"elementor-widget-container\">\n\t\t\t\t\t\t\t\t<div class=\"elementor-text-editor elementor-clearfix\">\n\t\t\t\t\t<p style=\"color: #ffffff; font-family: Times; font-size: medium; font-style: normal; font-weight: 400;\"><span style=\"font-size: 18px; background-color: transparent;\">THRIVE is cofunded by the Erasmus+ programme of the European Union and is being conducted by a multidisciplinary team of researchers from several institutions across Europe. The Institute of Child Education and Psychology\u00a0<\/span><span style=\"font-size: 18px; font-style: normal; font-weight: 400; background-color: transparent;\">Europe<\/span><span style=\"background-color: transparent; font-size: 18px;\">\u00a0(<a style=\"color: #fff; text-decoration: underline;\" href=\"https:\/\/icepe.eu\/\">ICEP Europe<\/a>), who are based in Ireland, are leading this project in collaboration with Kildare Wicklow Education and Training Board (Ireland), Verein Multikulturell (Austria), University of Malta (Malta), CESIE (Italy) and AESD (Romania). This innovative partnership brings together educators, teachers, researchers, and clinical, educational and occupational psychologists.<\/span><\/p>\n<p style=\"color: #ffffff; font-family: Times; font-size: medium; font-style: normal; font-weight: 400;\"><span style=\"font-size: 18px; background-color: transparent;\">Das THRIVE-Programm wird auf Forschungen in den Bereichen Neurowissenschaften, traumasensitive Erziehung, positive Psychologie und aktuelle Best-Practice-Beispiele in Bildungseinrichtungen des zweiten Bildungsweges aufbauen, um die Bed\u00fcrfnisse und Priorit\u00e4ten von P\u00e4dagogen und Lernenden in diesem Sektor zu verstehen und ein traumainformiertes Ausbildungsprogramm f\u00fcr P\u00e4dagogen, die mit Schulabbrechern arbeiten, zu entwickeln.<\/span><\/p>\n<p style=\"color: #ffffff; font-family: Times; font-size: medium; font-style: normal; font-weight: 400;\"><span style=\"font-size: 18px; background-color: transparent;\">THRIVE wurde 2018 ins Leben gerufen und wird \u00fcber einen Zeitraum von zwei Jahren durchgef\u00fchrt.<\/span><\/p>\t\t\t\t\t<\/div>\n\t\t\t\t\t\t<\/div>\n\t\t\t\t<\/div>\n\t\t\t\t\t\t<\/div>\n\t\t\t\t\t<\/div>\n\t\t<\/div>\n\t\t\t\t<div class=\"elementor-column elementor-col-50 elementor-top-column elementor-element elementor-element-295c5f06\" data-id=\"295c5f06\" data-element_type=\"column\">\n\t\t\t<div class=\"elementor-column-wrap\">\n\t\t\t\t\t\t\t<div class=\"elementor-widget-wrap\">\n\t\t\t\t\t\t\t\t<\/div>\n\t\t\t\t\t<\/div>\n\t\t<\/div>\n\t\t\t\t\t\t\t\t<\/div>\n\t\t\t\t\t<\/div>\n\t\t<\/section>\n\t\t\t\t<section class=\"elementor-section elementor-top-section elementor-element elementor-element-cb44fee elementor-section-boxed elementor-section-height-default elementor-section-height-default\" data-id=\"cb44fee\" data-element_type=\"section\">\n\t\t\t\t\t\t<div class=\"elementor-container elementor-column-gap-default\">\n\t\t\t\t\t\t\t<div class=\"elementor-row\">\n\t\t\t\t\t<div class=\"elementor-column elementor-col-100 elementor-top-column elementor-element elementor-element-afcbb67\" data-id=\"afcbb67\" data-element_type=\"column\">\n\t\t\t<div class=\"elementor-column-wrap elementor-element-populated\">\n\t\t\t\t\t\t\t<div class=\"elementor-widget-wrap\">\n\t\t\t\t\t\t<div class=\"elementor-element elementor-element-cde03f5 elementor-widget-divider--view-line elementor-widget elementor-widget-divider\" data-id=\"cde03f5\" data-element_type=\"widget\" data-widget_type=\"divider.default\">\n\t\t\t\t<div class=\"elementor-widget-container\">\n\t\t\t\t\t<div class=\"elementor-divider\">\n\t\t\t<span class=\"elementor-divider-separator\">\n\t\t\t\t\t\t<\/span>\n\t\t<\/div>\n\t\t\t\t<\/div>\n\t\t\t\t<\/div>\n\t\t\t\t\t\t<\/div>\n\t\t\t\t\t<\/div>\n\t\t<\/div>\n\t\t\t\t\t\t\t\t<\/div>\n\t\t\t\t\t<\/div>\n\t\t<\/section>\n\t\t\t\t<section class=\"elementor-section elementor-top-section elementor-element elementor-element-784ec297 elementor-section-content-middle elementor-section-boxed elementor-section-height-default elementor-section-height-default\" data-id=\"784ec297\" data-element_type=\"section\" data-settings=\"{&quot;background_background&quot;:&quot;classic&quot;}\">\n\t\t\t\t\t\t\t<div class=\"elementor-background-overlay\"><\/div>\n\t\t\t\t\t\t\t<div class=\"elementor-container elementor-column-gap-no\">\n\t\t\t\t\t\t\t<div class=\"elementor-row\">\n\t\t\t\t\t<div class=\"elementor-column elementor-col-33 elementor-top-column elementor-element elementor-element-31db14eb\" data-id=\"31db14eb\" data-element_type=\"column\">\n\t\t\t<div class=\"elementor-column-wrap elementor-element-populated\">\n\t\t\t\t\t\t\t<div class=\"elementor-widget-wrap\">\n\t\t\t\t\t\t\t\t<\/div>\n\t\t\t\t\t<\/div>\n\t\t<\/div>\n\t\t\t\t<div class=\"elementor-column elementor-col-66 elementor-top-column elementor-element elementor-element-c0890ea\" data-id=\"c0890ea\" data-element_type=\"column\" data-settings=\"{&quot;background_background&quot;:&quot;gradient&quot;}\">\n\t\t\t<div class=\"elementor-column-wrap elementor-element-populated\">\n\t\t\t\t\t\t\t<div class=\"elementor-widget-wrap\">\n\t\t\t\t\t\t<div class=\"elementor-element elementor-element-986e9df elementor-widget elementor-widget-heading\" data-id=\"986e9df\" data-element_type=\"widget\" data-widget_type=\"heading.default\">\n\t\t\t\t<div class=\"elementor-widget-container\">\n\t\t\t<h3 class=\"elementor-heading-title elementor-size-large\">Der Hintergrund von THRIVE<\/h3>\t\t<\/div>\n\t\t\t\t<\/div>\n\t\t\t\t<div class=\"elementor-element elementor-element-6b159c6 elementor-widget elementor-widget-text-editor\" data-id=\"6b159c6\" data-element_type=\"widget\" data-widget_type=\"text-editor.default\">\n\t\t\t\t<div class=\"elementor-widget-container\">\n\t\t\t\t\t\t\t\t<div class=\"elementor-text-editor elementor-clearfix\">\n\t\t\t\t\t<p>Der zweite Bildungsweg bietet Schulabbrechern, die die Schule fr\u00fchzeitig verlassen haben, eine entscheidende Gelegenheit, wieder auf den richtigen Weg zu kommen, ihre F\u00e4higkeiten zu st\u00e4rken und l\u00e4ngerfristige, negative Ergebnisse zu vermeiden. Untersuchungen haben jedoch gezeigt, dass die \u00fcberwiegende Mehrheit derer, die das regul\u00e4re Bildungssystem verlassen, traumatische oder negative Lebenserfahrungen gemacht haben (NEPS, 2017). Unerw\u00fcnschte Kindheitserfahrungen oder ACEs k\u00f6nnen Familientrennung, Missbrauch oder benachteiligte Umst\u00e4nde beinhalten.\u00a0<\/p><p>ACEs haben erhebliche Konsequenzen f\u00fcr die Lernenden und ihre schulischen Erfahrungen und k\u00f6nnen auch f\u00fcr P\u00e4dagogen eine Herausforderung darstellen. Die Fr\u00fcherkennung und Pr\u00e4vention von ACEs sowie interventionsfokussierte Dienste innerhalb von Bildungseinrichtungen des zweiten Bildungswegs haben jedoch das Potenzial, die negativen Auswirkungen zu verringern und die intergenerationelle \u00dcbertragung von Trauma und Widrigkeiten zu unterbinden.<\/p><p>Das Bewusstsein f\u00fcr ACEs und ein trauma-informierter Bildungsansatz k\u00f6nnen P\u00e4dagogen dabei helfen, ein vertieftes Verst\u00e4ndnis f\u00fcr die posttraumatischen Auswirkungen von ACEs zu entwickeln und die Ergebnisse f\u00fcr junge Menschen, die sie erlebt haben, zu verbessern. Eine traumainformierte Praxis erkennt auch die Auswirkungen von sekund\u00e4ren Traumata auf die Besch\u00e4ftigten an und f\u00f6rdert die Entwicklung unterst\u00fctzender Netzwerke und organisatorischer Umgebungen innerhalb der Dienstleistungssysteme. Es hat sich gezeigt, dass Fachkr\u00e4fte in Kinder-, Familien- und Gemeindeservicesystemen, insbesondere diejenigen, die mit gef\u00e4hrdeten\u00a0<span style=\"font-size: 18px; font-style: normal; font-weight: 100; background-color: transparent;\">Bev\u00f6lkerungen, sind einem erh\u00f6hten Risiko ausgesetzt, sekund\u00e4ren traumatischen Stress und Burnout zu erleben (Salloum, Choib & Smith-Stover, 2018).<\/span><\/p><p>\u00a0<\/p>\t\t\t\t\t<\/div>\n\t\t\t\t\t\t<\/div>\n\t\t\t\t<\/div>\n\t\t\t\t\t\t<\/div>\n\t\t\t\t\t<\/div>\n\t\t<\/div>\n\t\t\t\t\t\t\t\t<\/div>\n\t\t\t\t\t<\/div>\n\t\t<\/section>\n\t\t\t\t<section class=\"elementor-section elementor-top-section elementor-element elementor-element-522b406f elementor-section-height-min-height elementor-section-content-middle elementor-section-boxed elementor-section-height-default elementor-section-items-middle\" data-id=\"522b406f\" data-element_type=\"section\" data-settings=\"{&quot;background_background&quot;:&quot;classic&quot;}\">\n\t\t\t\t\t\t\t<div class=\"elementor-background-overlay\"><\/div>\n\t\t\t\t\t\t\t<div class=\"elementor-container elementor-column-gap-narrow\">\n\t\t\t\t\t\t\t<div class=\"elementor-row\">\n\t\t\t\t\t<div class=\"elementor-column elementor-col-33 elementor-top-column elementor-element elementor-element-78cc594\" data-id=\"78cc594\" data-element_type=\"column\">\n\t\t\t<div class=\"elementor-column-wrap elementor-element-populated\">\n\t\t\t\t\t\t\t<div class=\"elementor-widget-wrap\">\n\t\t\t\t\t\t<div class=\"elementor-element elementor-element-debb825 elementor-widget elementor-widget-heading\" data-id=\"debb825\" data-element_type=\"widget\" data-widget_type=\"heading.default\">\n\t\t\t\t<div class=\"elementor-widget-container\">\n\t\t\t<h3 class=\"elementor-heading-title elementor-size-large\">Was werden wir tun?<\/h3>\t\t<\/div>\n\t\t\t\t<\/div>\n\t\t\t\t<div class=\"elementor-element elementor-element-b6efaa2 elementor-widget-divider--view-line elementor-widget elementor-widget-divider\" data-id=\"b6efaa2\" data-element_type=\"widget\" data-widget_type=\"divider.default\">\n\t\t\t\t<div class=\"elementor-widget-container\">\n\t\t\t\t\t<div class=\"elementor-divider\">\n\t\t\t<span class=\"elementor-divider-separator\">\n\t\t\t\t\t\t<\/span>\n\t\t<\/div>\n\t\t\t\t<\/div>\n\t\t\t\t<\/div>\n\t\t\t\t\t\t<\/div>\n\t\t\t\t\t<\/div>\n\t\t<\/div>\n\t\t\t\t<div class=\"elementor-column elementor-col-33 elementor-top-column elementor-element elementor-element-26ed4cc1\" data-id=\"26ed4cc1\" data-element_type=\"column\">\n\t\t\t<div class=\"elementor-column-wrap elementor-element-populated\">\n\t\t\t\t\t\t\t<div class=\"elementor-widget-wrap\">\n\t\t\t\t\t\t<div class=\"elementor-element elementor-element-55a0bdec elementor-view-stacked elementor-shape-circle elementor-widget elementor-widget-icon\" data-id=\"55a0bdec\" data-element_type=\"widget\" data-widget_type=\"icon.default\">\n\t\t\t\t<div class=\"elementor-widget-container\">\n\t\t\t\t\t<div class=\"elementor-icon-wrapper\">\n\t\t\t<div class=\"elementor-icon\">\n\t\t\t\t\t\t\t<i class=\"fa fa-heart\" aria-hidden=\"true\"><\/i>\n\t\t\t\t\t\t<\/div>\n\t\t<\/div>\n\t\t\t\t<\/div>\n\t\t\t\t<\/div>\n\t\t\t\t\t\t<\/div>\n\t\t\t\t\t<\/div>\n\t\t<\/div>\n\t\t\t\t<div class=\"elementor-column elementor-col-33 elementor-top-column elementor-element elementor-element-5068c03\" data-id=\"5068c03\" data-element_type=\"column\">\n\t\t\t<div class=\"elementor-column-wrap elementor-element-populated\">\n\t\t\t\t\t\t\t<div class=\"elementor-widget-wrap\">\n\t\t\t\t\t\t<div class=\"elementor-element elementor-element-89cba45 elementor-widget elementor-widget-text-editor\" data-id=\"89cba45\" data-element_type=\"widget\" data-widget_type=\"text-editor.default\">\n\t\t\t\t<div class=\"elementor-widget-container\">\n\t\t\t\t\t\t\t\t<div class=\"elementor-text-editor elementor-clearfix\">\n\t\t\t\t\t<p><em><span style=\"text-decoration: underline;\">Verstehen, was funktioniert<\/span><\/em><\/p><p style=\"padding-left: 40px;\">* Entwicklung eines konsolidierten Literatur\u00fcberblicks, um ein Verst\u00e4ndnis f\u00fcr die aktuellen traumabezogenen Angebote in Bildungseinrichtungen der zweiten Chance in den Partnerl\u00e4ndern zu entwickeln<\/p><p style=\"padding-left: 40px;\">* Durchf\u00fchrung von Feldforschung mit P\u00e4dagogen, die mit Schulabbrechern arbeiten, um deren Wahrnehmung und Verst\u00e4ndnis der Arbeit mit Schulabbrechern, die m\u00f6glicherweise ein Trauma erlebt haben, zu erforschen<\/p><p><em><span style=\"text-decoration: underline;\">Entwicklung einer traumainformierten Ausbildung f\u00fcr P\u00e4dagogen im Bereich der zweiten Chance<\/span><\/em><\/p><p style=\"padding-left: 40px;\">* Auf der Grundlage der Erkenntnisse aus der Feldarbeit und der neurowissenschaftlichen Forschung werden positive Psychologie und traumasensitive Bildung in die Entwicklung eines innovativen Ausbildungspakets f\u00fcr P\u00e4dagogen des zweiten Bildungswegs einflie\u00dfen, das die Kapazit\u00e4t f\u00fcr traumasensitive Bildung in Bildungseinrichtungen des zweiten Bildungswegs st\u00e4rken und die Ergebnisse f\u00fcr Schulabbrecher verbessern wird.<\/p>\t\t\t\t\t<\/div>\n\t\t\t\t\t\t<\/div>\n\t\t\t\t<\/div>\n\t\t\t\t\t\t<\/div>\n\t\t\t\t\t<\/div>\n\t\t<\/div>\n\t\t\t\t\t\t\t\t<\/div>\n\t\t\t\t\t<\/div>\n\t\t<\/section>\n\t\t\t\t<section class=\"elementor-section elementor-top-section elementor-element elementor-element-a64d5db elementor-section-boxed elementor-section-height-default elementor-section-height-default\" data-id=\"a64d5db\" data-element_type=\"section\">\n\t\t\t\t\t\t<div class=\"elementor-container elementor-column-gap-default\">\n\t\t\t\t\t\t\t<div class=\"elementor-row\">\n\t\t\t\t\t<div class=\"elementor-column elementor-col-100 elementor-top-column elementor-element elementor-element-6dcd592\" data-id=\"6dcd592\" data-element_type=\"column\">\n\t\t\t<div class=\"elementor-column-wrap elementor-element-populated\">\n\t\t\t\t\t\t\t<div class=\"elementor-widget-wrap\">\n\t\t\t\t\t\t<div class=\"elementor-element elementor-element-0d13bb8 elementor-widget elementor-widget-heading\" data-id=\"0d13bb8\" data-element_type=\"widget\" data-widget_type=\"heading.default\">\n\t\t\t\t<div class=\"elementor-widget-container\">\n\t\t\t<h2 class=\"elementor-heading-title elementor-size-default\"><h2 data-elementor-setting-key=\"title\" data-pen-placeholder=\"Type Here...\" style=\"font-style: normal; white-space: normal;\"><div style=\"box-sizing: inherit; font-size: 16px; font-style: normal; font-weight: 400; padding-left: 40px; font-family: &quot;Noto Sans&quot;, sans-serif; text-align: center;\"><img loading=\"lazy\" src=\"https:\/\/thrive-training.local\/wp-content\/uploads\/2019\/03\/Erasmus-300x86.png\" alt=\"\" width=\"300\" height=\"86\" srcset=\"https:\/\/www.thriveresearch.eu\/wp-content\/uploads\/2019\/03\/xErasmus-300x86.png.pagespeed.ic.f90LQm32EO.webp 300w, https:\/\/www.thriveresearch.eu\/wp-content\/uploads\/2019\/03\/xErasmus-768x219.png.pagespeed.ic.CFoWp8H5dG.webp 768w, https:\/\/www.thriveresearch.eu\/wp-content\/uploads\/2019\/03\/xErasmus.png.pagespeed.ic.QEoOx1NInL.webp 943w\" sizes=\"(max-width: 300px) 100vw, 300px\" data-pagespeed-url-hash=\"3365524397\"><img loading=\"lazy\" src=\"https:\/\/thrive-training.local\/wp-content\/uploads\/2019\/03\/eu_funded-300x86.jpg\" alt=\"\" width=\"300\" height=\"86\" srcset=\"https:\/\/www.thriveresearch.eu\/wp-content\/uploads\/2019\/03\/xxeu_funded-300x86.jpg,Mic.9T_oYDpJMC.webp.pagespeed.ic.TKTC7IT4oZ.webp 300w, https:\/\/www.thriveresearch.eu\/wp-content\/uploads\/2019\/03\/xxeu_funded-768x219.jpg,Mic.bj4G2NcprH.webp.pagespeed.ic.fXocxw-0Zw.webp 768w, https:\/\/www.thriveresearch.eu\/wp-content\/uploads\/2019\/03\/xxeu_funded-1024x292.jpg,Mic.xn0i4h5bvS.webp.pagespeed.ic.H8e5qVV9C9.webp 1024w, https:\/\/www.thriveresearch.eu\/wp-content\/uploads\/2019\/03\/xxeu_funded.jpg,Mic.mXo4Cy4tg9.webp.pagespeed.ic.ZRMrFoUlgq.webp 1964w\" sizes=\"(max-width: 300px) 100vw, 300px\" data-pagespeed-url-hash=\"4070835106\" style=\"font-style: inherit; font-weight: inherit;\"><\/div><br><\/h2><span style=\"font-size: 16px; font-style: normal; font-weight: 400; font-family: &quot;Noto Sans&quot;, sans-serif; white-space: normal; text-align: center;\">Dieses Projekt wurde mit Unterst\u00fctzung der Europ\u00e4ischen Kommission im Rahmen des Programms Erasmus+ finanziert. Die Verantwortung f\u00fcr den Inhalt dieser Ver\u00f6ffentlichung [Mitteilung] tr\u00e4gt allein der Verfasser; die Kommission haftet nicht f\u00fcr die weitere Verwendung der darin enthaltenen Angaben.<\/span><\/h2>\t\t<\/div>\n\t\t\t\t<\/div>\n\t\t\t\t\t\t<\/div>\n\t\t\t\t\t<\/div>\n\t\t<\/div>\n\t\t\t\t\t\t\t\t<\/div>\n\t\t\t\t\t<\/div>\n\t\t<\/section>\n\t\t\t\t\t\t<\/div>\n\t\t\t\t\t\t<\/div>\n\t\t\t\t\t<\/div>","protected":false},"excerpt":{"rendered":"<p>About Thrive THRIVE is cofunded by the Erasmus+ programme of the European Union and is being conducted by a multidisciplinary team of researchers from several institutions across Europe. The Institute of Child Education and Psychology\u00a0Europe\u00a0(ICEP Europe), who are based in Ireland, are leading this project in collaboration with Kildare Wicklow Education and Training Board (Ireland), &hellip;<\/p>\n<p class=\"read-more\"> <a class=\"\" href=\"https:\/\/www.thriveresearch.eu\/de\/about-thrive\/\"> <span class=\"screen-reader-text\">\u00dcber Thrive<\/span> Read More &raquo;<\/a><\/p>","protected":false},"author":1,"featured_media":0,"parent":0,"menu_order":0,"comment_status":"closed","ping_status":"closed","template":"","meta":[],"_links":{"self":[{"href":"https:\/\/www.thriveresearch.eu\/de\/wp-json\/wp\/v2\/pages\/428"}],"collection":[{"href":"https:\/\/www.thriveresearch.eu\/de\/wp-json\/wp\/v2\/pages"}],"about":[{"href":"https:\/\/www.thriveresearch.eu\/de\/wp-json\/wp\/v2\/types\/page"}],"author":[{"embeddable":true,"href":"https:\/\/www.thriveresearch.eu\/de\/wp-json\/wp\/v2\/users\/1"}],"replies":[{"embeddable":true,"href":"https:\/\/www.thriveresearch.eu\/de\/wp-json\/wp\/v2\/comments?post=428"}],"version-history":[{"count":36,"href":"https:\/\/www.thriveresearch.eu\/de\/wp-json\/wp\/v2\/pages\/428\/revisions"}],"predecessor-version":[{"id":751,"href":"https:\/\/www.thriveresearch.eu\/de\/wp-json\/wp\/v2\/pages\/428\/revisions\/751"}],"wp:attachment":[{"href":"https:\/\/www.thriveresearch.eu\/de\/wp-json\/wp\/v2\/media?parent=428"}],"curies":[{"name":"wp","href":"https:\/\/api.w.org\/{rel}","templated":true}]}}